{"id":449,"date":"2020-02-19T12:03:08","date_gmt":"2020-02-19T12:03:08","guid":{"rendered":"http:\/\/luetzschenaer-kuenstlerkreis.de\/?page_id=449"},"modified":"2025-08-15T16:50:59","modified_gmt":"2025-08-15T16:50:59","slug":"frank-schletter","status":"publish","type":"page","link":"https:\/\/luetzschenaer-kuenstlerkreis.de\/?page_id=449","title":{"rendered":"Frank Schletter"},"content":{"rendered":"\n<figure class=\"wp-block-image size-large is-resized\"><img loading=\"lazy\" decoding=\"async\" width=\"454\" height=\"302\" src=\"https:\/\/luetzschenaer-kuenstlerkreis.de\/wp-content\/uploads\/2019\/03\/frankschletter.gif\" alt=\"\" class=\"wp-image-183\" style=\"width:200px\"\/><\/figure>\n\n\n<p>1961\u00a0 \u00a0 \u00a0 \u00a0 \u00a0 \u00a0geboren in Markranst\u00e4dt<br \/>1980\u00a0 \u00a0 \u00a0 \u00a0 \u00a0 Abitur<br \/>1983-84\u00a0 \u00a0 Schauspielstudium in Rostock<br \/>1985-88\u00a0 \u00a0 Leiter der Theatergruppe, \u00d6ffentlichkeitsarbeit in der Moritzbastei Leipzig<br \/>1989-90\u00a0 \u00a0 Studium der Gebrauchsgrafik an der Hochschule f\u00fcr industrielle<br \/>\u00a0 \u00a0 \u00a0 \u00a0 \u00a0 \u00a0 \u00a0 \u00a0 \u00a0 \u00a0Formgestaltung Burg Giebichenstein, Halle<br \/>1990-96\u00a0 \u00a0 Werbeleiter\/Grafiker am Schauspielhaus Leipzig<br \/>seit 1994\u00a0 \u00a0Mitglied im Bund Deutscher\u00a0 Grafikdesigner<br \/>seit 1997\u00a0 \u00a0t\u00e4tig als freier Grafiker, vorwiegend Computerdesign<br \/>2001-04\u00a0 \u00a0Grafiker am Theater der Jungen Welt<\/p>\n<p>Als Doppelbegabung &#8211; Theater sowie Malerei und Grafik &#8211; ist er st\u00e4ndig in beiden Genres t\u00e4tig. In seiner Theatert\u00e4tigkeit, mit Regie, Inszenierung, St\u00fcckfassung und Ausstattung befasst, kann er auf eine umfangreiche und erfolgreiche Arbeit an den verschiedensten B\u00fchnen und Leipziger Theatern verweisen.<br \/>In seiner T\u00e4tigkeit als freier Grafiker bedient er in seinem haupts\u00e4chlichen Aufgabengebiet als Illustrator und Computerdesigner die unterschiedlichsten Bereiche der Wirtschaft, Medizin, Politik und Kultur und arbeitet f\u00fcr Werbeagenturen.<br \/>Die Malerei ist trotz des Umfangs seiner Aufgaben f\u00fcr ihn unverzichtbarer Bestandteil seiner k\u00fcnstlerischen Kreativit\u00e4t. Die Fantasie, die das Theater abfordert, wird auf diesem Gebiet mit gleichem Erfolg eingesetzt. Besondere Aufmerksamkeit erreicht er mit seinen frech-witzigen erotischen Darstellungen. Die Beherrschung der Figur und ihr Einsatz in den jeweiligen Situationen ist gekonnt und nicht allt\u00e4glich.<\/p>\n<p><strong>Austellungen<\/strong><br \/>1986\u00a0 \u00a0 \u00a0 \u00a0 \u00a0 \u00a0 \u00a0Malerei in der Moritzbastei<br \/>1987 \u00a0 \u00a0 \u00a0 \u00a0 \u00a0 \u00a0\u00a0 Malerei und Cartoons Caf\u00e9 G\u00fcnther Leipzig<br \/>1995 \u00a0 \u00a0 \u00a0 \u00a0 \u00a0 \u00a0 Grafikausstellung am Schauspielhaus<br \/>1996 \u00a0 \u00a0 \u00a0 \u00a0 \u00a0 \u00a0 \u201eKomiks\u201d Cartoonausstellung Moritzbastei Leipzig<br \/>2000 \u00a0 \u00a0 \u00a0 \u00a0 \u00a0 \u00a0 \u201eWeibsbilder\u201d, Malerei + Grafik, Neustadt-Glewe<br \/>2004 \u00a0 \u00a0 \u00a0 \u00a0 \u00a0 \u00a0 Malerei + Grafik, Drogerie-Galerie Leipzig<br \/>2005 \u00a0 \u00a0 \u00a0 \u00a0 \u00a0 \u00a0 Malerei, Galerie am Nikolaikirchhof<br \/>seit 2005\u00a0 \u00a0 \u00a0 alle Ausstellungen des \u201eL\u00fctzschenaer K\u00fcnstlerkreis\u201d<br \/>2016 \u00a0 \u00a0 \u00a0 \u00a0 \u00a0 \u00a0\u00a0 Klosterkirche Grimma<\/p>\n<p><strong>Kontakt<\/strong><br \/>Frank Schletter<br \/>Berggartenweg 44, 04159 Leipzig<br \/>Tel. 01 63\/5 97 60 99<br \/>Instagram: art_frankschletter<br \/>Mail: frankschletter@gmail.com<\/p>","protected":false},"excerpt":{"rendered":"<p>1961\u00a0 \u00a0 \u00a0 \u00a0 \u00a0 \u00a0geboren in Markranst\u00e4dt1980\u00a0 \u00a0 \u00a0 \u00a0 \u00a0 Abitur1983-84\u00a0 \u00a0 Schauspielstudium in Rostock1985-88\u00a0 \u00a0 Leiter der Theatergruppe, \u00d6ffentlichkeitsarbeit in der Moritzbastei Leipzig1989-90\u00a0 \u00a0 Studium der Gebrauchsgrafik an der Hochschule f\u00fcr industrielle\u00a0 \u00a0 \u00a0 \u00a0 \u00a0 \u00a0 \u00a0 \u00a0 \u00a0 \u00a0Formgestaltung Burg Giebichenstein, Halle1990-96\u00a0 \u00a0 Werbeleiter\/Grafiker am Schauspielhaus Leipzigseit 1994\u00a0 \u00a0Mitglied im [&hellip;]<\/p>\n","protected":false},"author":1,"featured_media":0,"parent":0,"menu_order":0,"comment_status":"closed","ping_status":"closed","template":"","meta":{"footnotes":""},"class_list":["post-449","page","type-page","status-publish","hentry"],"_links":{"self":[{"href":"https:\/\/luetzschenaer-kuenstlerkreis.de\/index.php?rest_route=\/wp\/v2\/pages\/449","targetHints":{"allow":["GET"]}}],"collection":[{"href":"https:\/\/luetzschenaer-kuenstlerkreis.de\/index.php?rest_route=\/wp\/v2\/pages"}],"about":[{"href":"https:\/\/luetzschenaer-kuenstlerkreis.de\/index.php?rest_route=\/wp\/v2\/types\/page"}],"author":[{"embeddable":true,"href":"https:\/\/luetzschenaer-kuenstlerkreis.de\/index.php?rest_route=\/wp\/v2\/users\/1"}],"replies":[{"embeddable":true,"href":"https:\/\/luetzschenaer-kuenstlerkreis.de\/index.php?rest_route=%2Fwp%2Fv2%2Fcomments&post=449"}],"version-history":[{"count":4,"href":"https:\/\/luetzschenaer-kuenstlerkreis.de\/index.php?rest_route=\/wp\/v2\/pages\/449\/revisions"}],"predecessor-version":[{"id":1438,"href":"https:\/\/luetzschenaer-kuenstlerkreis.de\/index.php?rest_route=\/wp\/v2\/pages\/449\/revisions\/1438"}],"wp:attachment":[{"href":"https:\/\/luetzschenaer-kuenstlerkreis.de\/index.php?rest_route=%2Fwp%2Fv2%2Fmedia&parent=449"}],"curies":[{"name":"wp","href":"https:\/\/api.w.org\/{rel}","templated":true}]}}